{"id":931,"date":"2025-09-18T19:18:37","date_gmt":"2025-09-18T17:18:37","guid":{"rendered":"https:\/\/tricoterie.be\/traiteur\/onze-desserts\/"},"modified":"2025-11-10T10:36:13","modified_gmt":"2025-11-10T09:36:13","slug":"onze-desserts","status":"publish","type":"page","link":"https:\/\/tricoterie.be\/traiteur\/nl\/onze-desserts\/","title":{"rendered":"Onze desserts"},"content":{"rendered":"<div class=\"nb-supernova nb-supernova--content-type-custom nb-supernova--card-layout-stacked nb-supernova--layout-classic nb-supernova--1-columns nb-supernova--valign-bottom nb-supernova--halign-center nb-supernova--align-full alignfull sm-palette-1 sm-variation-12 nb-grid__area--portrait nb-grid__area--width-full\" style=\"--nb-media-composition-gap: 20px;--nb-emphasis-area: 100;--nb-overlay-filter-strength: 0.3;--nb-block-top-spacing: 1;--nb-block-bottom-spacing: 0;--nb-emphasis-top-spacing: 0;--nb-emphasis-bottom-spacing: 0;--nb-card-layout-gap-modifier: 0;--nb-card-content-padding-multiplier: 1;--nb-card-media-padding-multiplier: 0;--nb-card-media-container-height: 50;--nb-card-media-padding-top: 100%;--nb-card-media-object-fit: cover;--nb-minimum-container-height: 50vh;--nb-card-content-area-width: 50%;--nb-spacing-modifier: 1;--nb-spacing-multiplier-override: 1;--nb-collection-columns-count: 1;--nb-grid-spacing-modifier: 50\"\n\t\t\t data-variation='hero' data-content-type='custom' data-content-position='bottom center' data-card-layout='stacked' data-posts-to-show='1' data-columns='1' data-overlay-filter-strength='30' data-content-padding='100' data-min-height-fallback='50' data-palette-variation='12' data-color-signal='3' data-content-palette-variation='12' data-defaults-generated='1' data-scrolling-effect='parallax' data-anchor='' data-preview='1' data-header-position='0' data-title='Cards Collection' data-subtitle='A collection of individual cards displayed in a cohesive layout' data-collection-title-level='2' data-palette='1' data-content-color-signal='0' data-emphasis-area='100' data-images='[]' data-style-preset='the-cloud-atlas' data-size-contrast='0' data-position-shift='0' data-elements-distance='20' data-placement-variation='25' data-image-rotation='0' data-image-resizing='cropped' data-container-height='50' data-object-position='50' data-focal-point='{&quot;x&quot;:0.5,&quot;y&quot;:0.5}' data-final-focal-point='{&quot;x&quot;:0.5,&quot;y&quot;:0.5}' data-initial-background-scale='1' data-final-background-scale='1' data-motion-preset='standard-dynamic' data-follow-through-start='1' data-follow-through-end='1' data-blob-sides='3' data-blob-pattern-seed='3' data-blob-complexity='0' data-blob-smoothness='33' data-blob-rotation='0' data-blob-mask-sides='3' data-blob-mask-pattern-seed='3' data-blob-mask-complexity='0' data-blob-mask-smoothness='33' data-blob-mask-rotation='0' data-blobs-size-balance='50' data-blobs-horizontal-displacement='50' data-blobs-vertical-displacement='50' data-level='2' data-card-title-level='3' data-card-title-font-size='normal' data-collection-title-font-size='normal' data-metadata-position='above-title' data-primary-metadata='category' data-secondary-metadata='date' data-buttons-style='text' data-layout-style='classic' data-grid-gap='50' data-gridcolumns='6' data-gridrows='6' data-featuresize='4' data-featureposition='1' data-fragmentation='1' data-hierarchycrossing='30' data-imageweightleft='1' data-imageweightright='2' data-metadetailsleft='10' data-metadetailsright='6' data-subfeature='1' data-header-column='0' data-carousel-layout='fixed' data-show-media='1' data-show-title='1' data-show-subtitle='1' data-show-description='1' data-show-buttons='1' data-display-inner-content='1' data-show-arrows='1' data-overlay-filter-type='unitone' data-overlay-filter-duotone-config='[]' data-media-container-height='50' data-thumbnail-aspect-ratio-string='landscape' data-thumbnail-aspect-ratio='50' data-image-padding='0' data-emphasis-by-space='1' data-block-top-spacing='1' data-block-bottom-spacing='0' data-emphasis-top-spacing='0' data-emphasis-bottom-spacing='0' data-balance-emphasis='50' data-balance-focal-point='content' data-content-area-width='50' data-layout-gutter='0' data-spacing-modifier='1' data-spacing-multiplier-override='1'>\n\t\t\t<div class=\"nb-collection alignfull nb-block-spacing-container\"><div class=\"nb-collection__body\">\n\t\t\t\t<div class=\"nb-collection__layout nb-collection__layout--classic nb-collection__layout--fixed-width\">\n\t\t\t\t\t\n\n\t<div class=\"nb-collection__layout-item\" >\n\t\t<div class=\"nb-supernova-item nb-supernova-item--layout-stacked nb-supernova-item--scrolling-effect-parallax nb-supernova-item--aspect-ratio-landscape sm-palette-1 sm-variation-12\" data-palette='1' data-palette-variation='12' data-color-signal='0' data-content-palette-variation='12' data-content-color-signal='0'>\n\t\t\t<div class=\"nb-supernova-item__media-wrapper\"><div class=\"nb-supernova-item__media-aspect-ratio\"><div class=\"novablocks-doppler__mask novablocks-doppler__wrapper\">\n\t\t\t\t\t<div class=\"nb-supernova-item__media-doppler\"> <img loading=\"lazy\" decoding=\"async\" width=\"1366\" height=\"911\" src=\"https:\/\/tricoterie.be\/traiteur\/wp-content\/uploads\/2025\/09\/iStock-639376412-1366x911.jpg\" class=\"nb-supernova-item__media novablocks-doppler__target\" alt=\"Menu Traiteur Tricoterie\" data-shape-modeling-target=\"\" sizes=\"auto, (max-width: 1843px) 100vw, 1843px\" srcset=\"https:\/\/tricoterie.be\/traiteur\/wp-content\/uploads\/2025\/09\/iStock-639376412-1366x911.jpg 1229w, https:\/\/tricoterie.be\/traiteur\/wp-content\/uploads\/2025\/09\/iStock-639376412-300x200.jpg 270w, https:\/\/tricoterie.be\/traiteur\/wp-content\/uploads\/2025\/09\/iStock-639376412-1024x683.jpg 922w, https:\/\/tricoterie.be\/traiteur\/wp-content\/uploads\/2025\/09\/iStock-639376412-768x512.jpg 691w, https:\/\/tricoterie.be\/traiteur\/wp-content\/uploads\/2025\/09\/iStock-639376412-1536x1024.jpg 1382w, https:\/\/tricoterie.be\/traiteur\/wp-content\/uploads\/2025\/09\/iStock-639376412-2048x1365.jpg 1843w, https:\/\/tricoterie.be\/traiteur\/wp-content\/uploads\/2025\/09\/iStock-639376412-250x167.jpg 225w, https:\/\/tricoterie.be\/traiteur\/wp-content\/uploads\/2025\/09\/iStock-639376412-480x320.jpg 432w\" \/>\n<\/div>\n\t\t\t\t<\/div>\n\t\t\t<\/div><\/div>\t\t\t\t<div class=\"nb-supernova-item__content nb-supernova-item__content--valign-bottom nb-supernova-item__content--halign-center\">\n\t\t\t\t\t<div class=\"nb-supernova-item__inner-container\">\n\t\t\t\t\t\t\n\n<h1 class=\"c-headline has-text-align-center alignwide wp-block-novablocks-headline has-larger-font-size\"><span class=\"c-headline__secondary\">Ontdek<\/span> <span class=\"c-headline__primary\">Onze desserts<\/span><\/h1>\n\n\t\t\t\t\t<\/div>\n\t\t\t\t<\/div>\n\t\t\t\t\t<\/div>\n\t<\/div>\n\n\t\n\n\t\t\t\t<\/div>\n\t\t\t<\/div><\/div>\n\t\t<\/div>\n<div class=\"wp-block-group alignwide sm-palette-1 sm-variation-1 sm-color-signal-0 is-layout-flow wp-block-group-is-layout-flow\" style=\"--nb-emphasis-top-spacing:0;--nb-emphasis-bottom-spacing:0;--nb-block-top-spacing:2;--nb-block-bottom-spacing:2;--nb-block-zindex:0;--nb-card-content-area-width:50%;--nb-card-media-container-height:50;--nb-card-content-padding-multiplier:0;--nb-card-media-padding-top:100%;--nb-card-media-object-fit:cover;--nb-card-media-padding-multiplier:0;--nb-card-layout-gap-modifier:0;--nb-min-height-fallback:0;--nb-minimum-container-height:0vh;--nb-spacing-modifier:1;--nb-spacing-multiplier-override:1;--nb-emphasis-area:100\" data-palette=\"1\" data-palette-variation=\"1\" data-color-signal=\"0\">\n<p class=\"has-text-align-center has-normal-font-size wp-block-paragraph\"><em>Bij La Tricoterie bieden we een huisgemaakte cateringdienst aan die onze eco-verantwoorde filosofie respecteert Onze menu\u2019s zetten lokale, seizoensgebonden producten uit verantwoorde of eerlijke ketens in de kijker. Elk gerecht wordt met zorg en creativiteit bereid, in een ambachtelijke geest die kwaliteit en smaak benadrukt, met aandacht voor het beperken van voedselverspilling en het nastreven van zerowaste.<\/em><\/p>\n<\/div>\n\n\t\t<div data-palette=\"1\" data-palette-variation=\"12\" data-color-signal=\"3\"\t\t\tclass=\"wp-block-separator alignnone sm-palette-1 sm-variation-12 undefined\"\n\t\t\tstyle=\"--nb-block-top-spacing: 2; --nb-block-bottom-spacing: 2; --nb-emphasis-top-spacing: 0; --nb-emphasis-bottom-spacing: 0; \">\n\t\t\t\n\t\t<div class=\"c-separator\">\n\t\t\t<div class=\"c-separator__arrow c-separator__arrow--left\"><\/div>\n\t\t\t<div class=\"c-separator__line c-separator__line--left\"><\/div>\n\t\t\t<div class=\"c-separator__symbol\">\n\t\t\t\t<span><svg width=\"31\" height=\"20\" viewBox=\"0 0 31 20\" fill=\"none\" xmlns=\"http:\/\/www.w3.org\/2000\/svg\"><path d=\"M30.721 6.3114c0 .599-.2647 1.1494-.7941 1.651-.5155.5016-1.2679.8777-2.2571 1.1285-5.6984 1.4768-8.7774 2.2153-9.2372 2.2153-.5434 0-.815-.1394-.815-.418 0-.2229.3204-.5294.9613-.9195.2647-.1672 1.1842-.6758 2.7586-1.5257 2.9816-1.6161 4.5072-2.4381 4.5768-2.466 1.3375-.6548 2.4243-.9822 3.2602-.9822 1.031 0 1.5465.4389 1.5465 1.3166zm-4.8485-3.1766c0 .4598-.3553 1.0031-1.0658 1.63-.3901.3345-1.3654 1.059-2.9258 2.1735-2.9676 2.1178-4.6604 3.1766-5.0784 3.1766-.209 0-.3762-.1393-.5016-.418l.2508-.585c.836-.8639 1.7346-1.8531 2.696-2.9677 1.0309-1.1982 1.637-1.8948 1.8181-2.0899 1.4908-1.5743 2.7796-2.3615 3.8663-2.3615.6269 0 .9404.4807.9404 1.442zm-9.0073-.9613c0 .195-.0975.7035-.2926 1.5256l-.7523 2.8422c-.2926 1.0867-.4668 1.9854-.5225 2.6959-.0279.404-.0627.6548-.1045.7523-.0418.1394-.1393.209-.2926.209-.1532 0-.2508-.0627-.2926-.1881 0-.0139-.0278-.195-.0835-.5433-.1394-.8499-.418-2.2292-.836-4.138-.3204-1.4071-.4807-2.4103-.4807-3.0094 0-.7105.1812-1.2748.5434-1.6927.3762-.418.8638-.627 1.4629-.627.4737 0 .8638.209 1.1703.627.3205.404.4807.9195.4807 1.5465zm-3.2602 7.9414c0 .2787-.1463.418-.4389.418-.1253 0-.5782-.3065-1.3584-.9195-.9334-.7245-2.0202-1.658-3.2602-2.8004a185.9607 185.9607 0 0 1-2.4451-2.2362c-.5852-.599-.8777-1.1634-.8777-1.6928 0-.404.1462-.7593.4388-1.0658.3065-.3065.6827-.4598 1.1286-.4598.6966 0 1.3305.3135 1.9017.9404.2648.2787.8011 1.052 1.6092 2.3198 2.2014 3.4134 3.302 5.2456 3.302 5.4963zm3.9081 3.4065c0 .5155-.209.9265-.627 1.233-.3065.209-.6061.411-.8986.6061-.209.2508-.3135 1.1982-.3135 2.8422 0 .6688-.0209 1.1146-.0627 1.3375-.0697.3065-.216.4598-.4389.4598-.195 0-.3135-.3622-.3553-1.0867-.0975-1.853-.1672-2.9955-.209-3.4274-.4597-.3344-.8289-.7245-1.1076-1.1703-.2229-.3762-.3344-.6827-.3344-.9196 0-.5573.2021-1.0449.6061-1.4629.418-.4319.8917-.6478 1.4211-.6478.6688 0 1.2191.2159 1.651.6478.4458.4319.6688.9614.6688 1.5883zm-5.2874-2.2361c0 .2925-.1184.4388-.3553.4388-.2368 0-.7036-.1184-1.4002-.3552a545.5275 545.5275 0 0 0-2.5705-.8778C4.8764 9.488 2.9119 8.7565 2.0063 8.2968.6688 7.614 0 6.8478 0 5.9979c0-.8917.627-1.3375 1.8809-1.3375.5015 0 1.3862.3901 2.6541 1.1703 1.0031.627 2.6193 1.7416 4.8485 3.3438.1672.1115.8568.5852 2.069 1.4211.5155.3483.7732.5782.7732.6897z\" fill=\"currentColor\"\/><\/svg>\n<\/span>\n\t\t\t<\/div>\n\t\t\t<div class=\"c-separator__line c-separator__line--right\"><\/div>\n\t\t\t<div class=\"c-separator__arrow c-separator__arrow--right\"><\/div>\n\t\t<\/div>\n\t\t\t\t<\/div>\n\t\t\n<div class=\"wp-block-group sm-palette-1 sm-variation-1 sm-color-signal-0 is-layout-flow wp-block-group-is-layout-flow\" style=\"--nb-emphasis-top-spacing:0;--nb-emphasis-bottom-spacing:0;--nb-block-top-spacing:0;--nb-block-bottom-spacing:2;--nb-block-zindex:0;--nb-card-content-area-width:50%;--nb-card-media-container-height:50;--nb-card-content-padding-multiplier:0;--nb-card-media-padding-top:100%;--nb-card-media-object-fit:cover;--nb-card-media-padding-multiplier:0;--nb-card-layout-gap-modifier:0;--nb-min-height-fallback:0;--nb-minimum-container-height:0vh;--nb-spacing-modifier:1;--nb-spacing-multiplier-override:1;--nb-emphasis-area:100\" data-palette=\"1\" data-palette-variation=\"1\" data-color-signal=\"0\">\n<p class=\"has-text-align-center has-normal-font-size wp-block-paragraph\"><em>Hier vindt u menuvoorstellen die aangepast kunnen worden aan uw wensen en aan seizoenensproducten<\/em><\/p>\n<\/div>\n\n<div class=\"wp-block-columns alignwide has-largest-block-gap is-layout-flex wp-container-core-columns-is-layout-8f761849 wp-block-columns-is-layout-flex\" style=\"--nb-emphasis-top-spacing:0;--nb-emphasis-bottom-spacing:0;--nb-block-top-spacing:1;--nb-block-bottom-spacing:0;--nb-block-zindex:0;--nb-card-content-area-width:50%;--nb-card-media-container-height:50;--nb-card-content-padding-multiplier:0;--nb-card-media-padding-top:100%;--nb-card-media-object-fit:cover;--nb-card-media-padding-multiplier:0;--nb-card-layout-gap-modifier:0;--nb-min-height-fallback:0;--nb-minimum-container-height:0vh;--nb-spacing-modifier:1;--nb-spacing-multiplier-override:1\">\n<div class=\"wp-block-column is-layout-flow wp-block-column-is-layout-flow\">\n<figure class=\"wp-block-image size-large\"><img loading=\"lazy\" decoding=\"async\" width=\"1024\" height=\"683\" src=\"https:\/\/tricoterie.be\/traiteur\/wp-content\/uploads\/2025\/10\/banquet-de-dessert-1024x683.jpg\" alt=\"\" class=\"wp-image-738\" srcset=\"https:\/\/tricoterie.be\/traiteur\/wp-content\/uploads\/2025\/10\/banquet-de-dessert-1024x683.jpg 1024w, https:\/\/tricoterie.be\/traiteur\/wp-content\/uploads\/2025\/10\/banquet-de-dessert-300x200.jpg 300w, https:\/\/tricoterie.be\/traiteur\/wp-content\/uploads\/2025\/10\/banquet-de-dessert-768x512.jpg 768w, https:\/\/tricoterie.be\/traiteur\/wp-content\/uploads\/2025\/10\/banquet-de-dessert-1536x1024.jpg 1536w, https:\/\/tricoterie.be\/traiteur\/wp-content\/uploads\/2025\/10\/banquet-de-dessert-2048x1365.jpg 2048w, https:\/\/tricoterie.be\/traiteur\/wp-content\/uploads\/2025\/10\/banquet-de-dessert-250x167.jpg 250w, https:\/\/tricoterie.be\/traiteur\/wp-content\/uploads\/2025\/10\/banquet-de-dessert-1366x911.jpg 1366w, https:\/\/tricoterie.be\/traiteur\/wp-content\/uploads\/2025\/10\/banquet-de-dessert-480x320.jpg 480w\" sizes=\"auto, (max-width: 1024px) 100vw, 1024px\" \/><\/figure>\n\n\n\n<h3 class=\"wp-block-heading has-normal-font-size\" id=\"h-our-producers\">Onze Dessertbuffetten<\/h3>\n\n\n\n<p class=\"has-normal-font-size wp-block-paragraph\"><em>\u20ac9<\/em><br\/><em>Tussen 2 &amp; 3 gerechten afhankelijk van het aantal gasten:<\/em><br\/><br\/>Brownie van pure chocolade en noten<br\/>Blondie met pecannoten en bruine suiker<br\/>Amandel-citroenkoekje<br\/>Chocoladekoekje met zeezout<br\/>Citroenmeringuetaartje<br\/>Dunne appeltaart<br\/>Witte chocolade en pralin\u00e9 taartje<br\/>Seizoensfruit salade met munt- en gembersiroop<br\/>Pannenkoekenbuffet geserveerd met confituur, chocolade- en speculoospasta, suiker, bruine suiker, chocoladestrikjes, honing<br\/>Chocolademousse<em> (vegan)<\/em><\/p>\n<\/div>\n\n\n\n<div class=\"wp-block-column is-layout-flow wp-block-column-is-layout-flow\">\n<figure class=\"wp-block-image size-large\"><img loading=\"lazy\" decoding=\"async\" width=\"1024\" height=\"684\" src=\"https:\/\/tricoterie.be\/traiteur\/wp-content\/uploads\/2025\/10\/TDX_7631-1024x684.jpg\" alt=\"\" class=\"wp-image-667\" srcset=\"https:\/\/tricoterie.be\/traiteur\/wp-content\/uploads\/2025\/10\/TDX_7631-1024x684.jpg 1024w, https:\/\/tricoterie.be\/traiteur\/wp-content\/uploads\/2025\/10\/TDX_7631-300x200.jpg 300w, https:\/\/tricoterie.be\/traiteur\/wp-content\/uploads\/2025\/10\/TDX_7631-768x513.jpg 768w, https:\/\/tricoterie.be\/traiteur\/wp-content\/uploads\/2025\/10\/TDX_7631-1536x1025.jpg 1536w, https:\/\/tricoterie.be\/traiteur\/wp-content\/uploads\/2025\/10\/TDX_7631-2048x1367.jpg 2048w, https:\/\/tricoterie.be\/traiteur\/wp-content\/uploads\/2025\/10\/TDX_7631-250x167.jpg 250w, https:\/\/tricoterie.be\/traiteur\/wp-content\/uploads\/2025\/10\/TDX_7631-1366x912.jpg 1366w, https:\/\/tricoterie.be\/traiteur\/wp-content\/uploads\/2025\/10\/TDX_7631-480x320.jpg 480w\" sizes=\"auto, (max-width: 1024px) 100vw, 1024px\" \/><\/figure>\n\n\n\n<h3 class=\"wp-block-heading has-normal-font-size\" id=\"h-our-producers\">Onze Zoete Touches<\/h3>\n\n\n\n<p class=\"has-normal-font-size wp-block-paragraph\"><em>5,5\u20ac<br\/>2 per persoon<\/em><br\/><br\/>Notentaart<br\/>Brownie<br\/>Cr\u00e8me br\u00fbl\u00e9e taart<br\/>Seizoenscrumble<br\/>Confituurblokje<\/p>\n<\/div>\n<\/div>\n\n<p class=\"has-normal-font-size wp-block-paragraph\"><\/p>\n\n<p class=\"has-normal-font-size wp-block-paragraph\"><\/p>\n","protected":false},"excerpt":{"rendered":"<p>Bij La Tricoterie bieden we een huisgemaakte cateringdienst aan die onze eco-verantwoorde filosofie respecteert Onze menu\u2019s zetten lokale, seizoensgebonden producten uit verantwoorde of eerlijke ketens [&hellip;]<\/p>\n","protected":false},"author":1,"featured_media":845,"parent":0,"menu_order":0,"comment_status":"closed","ping_status":"closed","template":"","meta":{"_crdt_document":"","novablocks_hero_scroll_indicator":false,"novablocks_hero_position_indicators":false,"supernova_prevent_duplicate":false,"footnotes":""},"class_list":["post-931","page","type-page","status-publish","has-post-thumbnail","hentry"],"yoast_head":"<!-- This site is optimized with the Yoast SEO plugin v27.3 - https:\/\/yoast.com\/product\/yoast-seo-wordpress\/ -->\n<title>Onze desserts - Traiteur durable de la Tricoterie<\/title>\n<meta name=\"robots\" content=\"index, follow, max-snippet:-1, max-image-preview:large, max-video-preview:-1\" \/>\n<link rel=\"canonical\" href=\"https:\/\/tricoterie.be\/traiteur\/nl\/onze-desserts\/\" \/>\n<meta property=\"og:locale\" content=\"nl_NL\" \/>\n<meta property=\"og:type\" content=\"article\" \/>\n<meta property=\"og:title\" content=\"Onze desserts - Traiteur durable de la Tricoterie\" \/>\n<meta property=\"og:description\" content=\"Bij La Tricoterie bieden we een huisgemaakte cateringdienst aan die onze eco-verantwoorde filosofie respecteert Onze menu\u2019s zetten lokale, seizoensgebonden producten uit verantwoorde of eerlijke ketens [&hellip;]\" \/>\n<meta property=\"og:url\" content=\"https:\/\/tricoterie.be\/traiteur\/nl\/onze-desserts\/\" \/>\n<meta property=\"og:site_name\" content=\"Traiteur durable de la Tricoterie\" \/>\n<meta property=\"article:publisher\" content=\"https:\/\/www.facebook.com\/tricoteriefabriquedeliens\/\" \/>\n<meta property=\"article:modified_time\" content=\"2025-11-10T09:36:13+00:00\" \/>\n<meta property=\"og:image\" content=\"https:\/\/tricoterie.be\/traiteur\/wp-content\/uploads\/2025\/09\/rosa-placeholder-4.jpg\" \/>\n\t<meta property=\"og:image:width\" content=\"2000\" \/>\n\t<meta property=\"og:image:height\" content=\"1502\" \/>\n\t<meta property=\"og:image:type\" content=\"image\/jpeg\" \/>\n<meta name=\"twitter:card\" content=\"summary_large_image\" \/>\n<meta name=\"twitter:label1\" content=\"Geschatte leestijd\" \/>\n\t<meta name=\"twitter:data1\" content=\"1 minuut\" \/>\n<script type=\"application\/ld+json\" class=\"yoast-schema-graph\">{\"@context\":\"https:\\\/\\\/schema.org\",\"@graph\":[{\"@type\":\"WebPage\",\"@id\":\"https:\\\/\\\/tricoterie.be\\\/traiteur\\\/nl\\\/onze-desserts\\\/\",\"url\":\"https:\\\/\\\/tricoterie.be\\\/traiteur\\\/nl\\\/onze-desserts\\\/\",\"name\":\"Onze desserts - Traiteur durable de la Tricoterie\",\"isPartOf\":{\"@id\":\"https:\\\/\\\/tricoterie.be\\\/traiteur\\\/nl\\\/#website\"},\"primaryImageOfPage\":{\"@id\":\"https:\\\/\\\/tricoterie.be\\\/traiteur\\\/nl\\\/onze-desserts\\\/#primaryimage\"},\"image\":{\"@id\":\"https:\\\/\\\/tricoterie.be\\\/traiteur\\\/nl\\\/onze-desserts\\\/#primaryimage\"},\"thumbnailUrl\":\"https:\\\/\\\/tricoterie.be\\\/traiteur\\\/wp-content\\\/uploads\\\/2025\\\/09\\\/rosa-placeholder-4.jpg\",\"datePublished\":\"2025-09-18T17:18:37+00:00\",\"dateModified\":\"2025-11-10T09:36:13+00:00\",\"breadcrumb\":{\"@id\":\"https:\\\/\\\/tricoterie.be\\\/traiteur\\\/nl\\\/onze-desserts\\\/#breadcrumb\"},\"inLanguage\":\"nl-NL\",\"potentialAction\":[{\"@type\":\"ReadAction\",\"target\":[\"https:\\\/\\\/tricoterie.be\\\/traiteur\\\/nl\\\/onze-desserts\\\/\"]}]},{\"@type\":\"ImageObject\",\"inLanguage\":\"nl-NL\",\"@id\":\"https:\\\/\\\/tricoterie.be\\\/traiteur\\\/nl\\\/onze-desserts\\\/#primaryimage\",\"url\":\"https:\\\/\\\/tricoterie.be\\\/traiteur\\\/wp-content\\\/uploads\\\/2025\\\/09\\\/rosa-placeholder-4.jpg\",\"contentUrl\":\"https:\\\/\\\/tricoterie.be\\\/traiteur\\\/wp-content\\\/uploads\\\/2025\\\/09\\\/rosa-placeholder-4.jpg\",\"width\":2000,\"height\":1502},{\"@type\":\"BreadcrumbList\",\"@id\":\"https:\\\/\\\/tricoterie.be\\\/traiteur\\\/nl\\\/onze-desserts\\\/#breadcrumb\",\"itemListElement\":[{\"@type\":\"ListItem\",\"position\":1,\"name\":\"Accueil\",\"item\":\"https:\\\/\\\/tricoterie.be\\\/traiteur\\\/nl\\\/\"},{\"@type\":\"ListItem\",\"position\":2,\"name\":\"Onze desserts\"}]},{\"@type\":\"WebSite\",\"@id\":\"https:\\\/\\\/tricoterie.be\\\/traiteur\\\/nl\\\/#website\",\"url\":\"https:\\\/\\\/tricoterie.be\\\/traiteur\\\/nl\\\/\",\"name\":\"Traiteur durable de la Tricoterie\",\"description\":\"Traiteur durable de la Tricoterie\",\"publisher\":{\"@id\":\"https:\\\/\\\/tricoterie.be\\\/traiteur\\\/nl\\\/#organization\"},\"potentialAction\":[{\"@type\":\"SearchAction\",\"target\":{\"@type\":\"EntryPoint\",\"urlTemplate\":\"https:\\\/\\\/tricoterie.be\\\/traiteur\\\/nl\\\/?s={search_term_string}\"},\"query-input\":{\"@type\":\"PropertyValueSpecification\",\"valueRequired\":true,\"valueName\":\"search_term_string\"}}],\"inLanguage\":\"nl-NL\"},{\"@type\":\"Organization\",\"@id\":\"https:\\\/\\\/tricoterie.be\\\/traiteur\\\/nl\\\/#organization\",\"name\":\"Traiteur durable de la Tricoterie\",\"url\":\"https:\\\/\\\/tricoterie.be\\\/traiteur\\\/nl\\\/\",\"logo\":{\"@type\":\"ImageObject\",\"inLanguage\":\"nl-NL\",\"@id\":\"https:\\\/\\\/tricoterie.be\\\/traiteur\\\/nl\\\/#\\\/schema\\\/logo\\\/image\\\/\",\"url\":\"https:\\\/\\\/tricoterie.be\\\/traiteur\\\/wp-content\\\/uploads\\\/2025\\\/10\\\/logo_TricoTraiteur_rect_250.png\",\"contentUrl\":\"https:\\\/\\\/tricoterie.be\\\/traiteur\\\/wp-content\\\/uploads\\\/2025\\\/10\\\/logo_TricoTraiteur_rect_250.png\",\"width\":250,\"height\":89,\"caption\":\"Traiteur durable de la Tricoterie\"},\"image\":{\"@id\":\"https:\\\/\\\/tricoterie.be\\\/traiteur\\\/nl\\\/#\\\/schema\\\/logo\\\/image\\\/\"},\"sameAs\":[\"https:\\\/\\\/www.facebook.com\\\/tricoteriefabriquedeliens\\\/\",\"https:\\\/\\\/www.instagram.com\\\/latricoterie\\\/\",\"https:\\\/\\\/www.linkedin.com\\\/company\\\/latricoterie\"]}]}<\/script>\n<!-- \/ Yoast SEO plugin. -->","yoast_head_json":{"title":"Onze desserts - Traiteur durable de la Tricoterie","robots":{"index":"index","follow":"follow","max-snippet":"max-snippet:-1","max-image-preview":"max-image-preview:large","max-video-preview":"max-video-preview:-1"},"canonical":"https:\/\/tricoterie.be\/traiteur\/nl\/onze-desserts\/","og_locale":"nl_NL","og_type":"article","og_title":"Onze desserts - Traiteur durable de la Tricoterie","og_description":"Bij La Tricoterie bieden we een huisgemaakte cateringdienst aan die onze eco-verantwoorde filosofie respecteert Onze menu\u2019s zetten lokale, seizoensgebonden producten uit verantwoorde of eerlijke ketens [&hellip;]","og_url":"https:\/\/tricoterie.be\/traiteur\/nl\/onze-desserts\/","og_site_name":"Traiteur durable de la Tricoterie","article_publisher":"https:\/\/www.facebook.com\/tricoteriefabriquedeliens\/","article_modified_time":"2025-11-10T09:36:13+00:00","og_image":[{"width":2000,"height":1502,"url":"https:\/\/tricoterie.be\/traiteur\/wp-content\/uploads\/2025\/09\/rosa-placeholder-4.jpg","type":"image\/jpeg"}],"twitter_card":"summary_large_image","twitter_misc":{"Geschatte leestijd":"1 minuut"},"schema":{"@context":"https:\/\/schema.org","@graph":[{"@type":"WebPage","@id":"https:\/\/tricoterie.be\/traiteur\/nl\/onze-desserts\/","url":"https:\/\/tricoterie.be\/traiteur\/nl\/onze-desserts\/","name":"Onze desserts - Traiteur durable de la Tricoterie","isPartOf":{"@id":"https:\/\/tricoterie.be\/traiteur\/nl\/#website"},"primaryImageOfPage":{"@id":"https:\/\/tricoterie.be\/traiteur\/nl\/onze-desserts\/#primaryimage"},"image":{"@id":"https:\/\/tricoterie.be\/traiteur\/nl\/onze-desserts\/#primaryimage"},"thumbnailUrl":"https:\/\/tricoterie.be\/traiteur\/wp-content\/uploads\/2025\/09\/rosa-placeholder-4.jpg","datePublished":"2025-09-18T17:18:37+00:00","dateModified":"2025-11-10T09:36:13+00:00","breadcrumb":{"@id":"https:\/\/tricoterie.be\/traiteur\/nl\/onze-desserts\/#breadcrumb"},"inLanguage":"nl-NL","potentialAction":[{"@type":"ReadAction","target":["https:\/\/tricoterie.be\/traiteur\/nl\/onze-desserts\/"]}]},{"@type":"ImageObject","inLanguage":"nl-NL","@id":"https:\/\/tricoterie.be\/traiteur\/nl\/onze-desserts\/#primaryimage","url":"https:\/\/tricoterie.be\/traiteur\/wp-content\/uploads\/2025\/09\/rosa-placeholder-4.jpg","contentUrl":"https:\/\/tricoterie.be\/traiteur\/wp-content\/uploads\/2025\/09\/rosa-placeholder-4.jpg","width":2000,"height":1502},{"@type":"BreadcrumbList","@id":"https:\/\/tricoterie.be\/traiteur\/nl\/onze-desserts\/#breadcrumb","itemListElement":[{"@type":"ListItem","position":1,"name":"Accueil","item":"https:\/\/tricoterie.be\/traiteur\/nl\/"},{"@type":"ListItem","position":2,"name":"Onze desserts"}]},{"@type":"WebSite","@id":"https:\/\/tricoterie.be\/traiteur\/nl\/#website","url":"https:\/\/tricoterie.be\/traiteur\/nl\/","name":"Traiteur durable de la Tricoterie","description":"Traiteur durable de la Tricoterie","publisher":{"@id":"https:\/\/tricoterie.be\/traiteur\/nl\/#organization"},"potentialAction":[{"@type":"SearchAction","target":{"@type":"EntryPoint","urlTemplate":"https:\/\/tricoterie.be\/traiteur\/nl\/?s={search_term_string}"},"query-input":{"@type":"PropertyValueSpecification","valueRequired":true,"valueName":"search_term_string"}}],"inLanguage":"nl-NL"},{"@type":"Organization","@id":"https:\/\/tricoterie.be\/traiteur\/nl\/#organization","name":"Traiteur durable de la Tricoterie","url":"https:\/\/tricoterie.be\/traiteur\/nl\/","logo":{"@type":"ImageObject","inLanguage":"nl-NL","@id":"https:\/\/tricoterie.be\/traiteur\/nl\/#\/schema\/logo\/image\/","url":"https:\/\/tricoterie.be\/traiteur\/wp-content\/uploads\/2025\/10\/logo_TricoTraiteur_rect_250.png","contentUrl":"https:\/\/tricoterie.be\/traiteur\/wp-content\/uploads\/2025\/10\/logo_TricoTraiteur_rect_250.png","width":250,"height":89,"caption":"Traiteur durable de la Tricoterie"},"image":{"@id":"https:\/\/tricoterie.be\/traiteur\/nl\/#\/schema\/logo\/image\/"},"sameAs":["https:\/\/www.facebook.com\/tricoteriefabriquedeliens\/","https:\/\/www.instagram.com\/latricoterie\/","https:\/\/www.linkedin.com\/company\/latricoterie"]}]}},"_links":{"self":[{"href":"https:\/\/tricoterie.be\/traiteur\/nl\/wp-json\/wp\/v2\/pages\/931","targetHints":{"allow":["GET"]}}],"collection":[{"href":"https:\/\/tricoterie.be\/traiteur\/nl\/wp-json\/wp\/v2\/pages"}],"about":[{"href":"https:\/\/tricoterie.be\/traiteur\/nl\/wp-json\/wp\/v2\/types\/page"}],"author":[{"embeddable":true,"href":"https:\/\/tricoterie.be\/traiteur\/nl\/wp-json\/wp\/v2\/users\/1"}],"replies":[{"embeddable":true,"href":"https:\/\/tricoterie.be\/traiteur\/nl\/wp-json\/wp\/v2\/comments?post=931"}],"version-history":[{"count":1,"href":"https:\/\/tricoterie.be\/traiteur\/nl\/wp-json\/wp\/v2\/pages\/931\/revisions"}],"predecessor-version":[{"id":935,"href":"https:\/\/tricoterie.be\/traiteur\/nl\/wp-json\/wp\/v2\/pages\/931\/revisions\/935"}],"wp:featuredmedia":[{"embeddable":true,"href":"https:\/\/tricoterie.be\/traiteur\/nl\/wp-json\/wp\/v2\/media\/845"}],"wp:attachment":[{"href":"https:\/\/tricoterie.be\/traiteur\/nl\/wp-json\/wp\/v2\/media?parent=931"}],"curies":[{"name":"wp","href":"https:\/\/api.w.org\/{rel}","templated":true}]}}